{"id":5877,"date":"2022-12-15T19:25:26","date_gmt":"2022-12-15T18:25:26","guid":{"rendered":"https:\/\/www.munera3.si\/?page_id=5877"},"modified":"2022-12-15T21:08:24","modified_gmt":"2022-12-15T20:08:24","slug":"mreza-strokovnjakov","status":"publish","type":"page","link":"https:\/\/www.munera3.si\/?page_id=5877","title":{"rendered":"Mre\u017ea strokovnjakov"},"content":{"rendered":"<section class=\"wpb-content-wrapper\"><p>[vc_row][vc_column][stm_color_separator color=&#8221;#f7b51b&#8221;][vc_empty_space][\/vc_column][\/vc_row][vc_row][vc_column][vc_row_inner][vc_column_inner][vc_column_text]V okviru projekta MUNERA 3 smo oblikovali mre\u017eo strokovnjakov, ki so pripravljeni nadalje sodelovati pri pou\u010devanju in predajanju znanj.\u00a0 Z mre\u017eo strokovnjakov pokrivamo ve\u010dji del Slovenije. Sodelujo\u010di strokovnjaki nudijo strokovna znanja in sicer s podro\u010dij:[\/vc_column_text][\/vc_column_inner][\/vc_row_inner][vc_row_inner][vc_column_inner width=&#8221;1\/2&#8243;][vc_column_text]<\/p>\n<ul>\n<li>avtomatizacije in robotike,<\/li>\n<li>biologije, biotehnike,<\/li>\n<li>gastronomije in gostinstva, sla\u0161\u010di\u010darstva in pekarstva,<\/li>\n<li>prehrane in \u017eivilstva,<\/li>\n<li>vinarstva,<\/li>\n<li>gozdne pedagogike,<\/li>\n<li>gozdarstva, gemologije, geologije, mineralogije,<\/li>\n<li>du\u0161evnega zdravja,<\/li>\n<li>grafi\u010dnega oblikovanja,<\/li>\n<li>ekonomije, marketinga,<\/li>\n<li>elektroenergetike, elektrotehnike,<\/li>\n<li>financ, ra\u010dunovodstva, davkov,<\/li>\n<li>matematike in statistike,<\/li>\n<li>podjetni\u0161tva,<\/li>\n<li>frizerstva, li\u010denja,<\/li>\n<li>kemije,<\/li>\n<li>mediacije,<\/li>\n<\/ul>\n<p>[\/vc_column_text][\/vc_column_inner][vc_column_inner width=&#8221;1\/2&#8243;][vc_column_text]<\/p>\n<ul>\n<li>komunikacije,<\/li>\n<li>kibernetske varnosti, ra\u010dunalni\u0161tva in informatike,<\/li>\n<li>psihologije,<\/li>\n<li>projektnega vodenja,<\/li>\n<li>lesarstva,<\/li>\n<li>logistike, tehnike, prometa,<\/li>\n<li>lutkarstva,<\/li>\n<li>sociologije,<\/li>\n<li>upravljanja s \u010dlove\u0161kimi viri, pravnih ved,<\/li>\n<li>robotike, avtomatizacije, strojni\u0161tva, mehatronike, optimizacije procesov,<\/li>\n<li>sistemskega inoviranja, standardizacije in kakovosti, trajnostnega razvoja,<\/li>\n<li>\u017eivinoreje,<\/li>\n<li>turizma,<\/li>\n<li>varnosti in zdravja pri delu, ergonomije,<\/li>\n<li>trajnostnega razvoja,<\/li>\n<li>varovanja okolja,<\/li>\n<li>osebnostnega razvoja, zdravja, prve pomo\u010di itn.<\/li>\n<\/ul>\n<p>[\/vc_column_text][\/vc_column_inner][\/vc_row_inner][vc_row_inner][vc_column_inner][vc_column_text]<\/p>\n<h3>Strokovnjaki po regijah<\/h3>\n<p>[\/vc_column_text][vc_empty_space][vc_column_text]<\/p>\n<p style=\"text-align: center;\"><strong>[strokovnjaki]<\/strong><\/p>\n<p>[\/vc_column_text][\/vc_column_inner][\/vc_row_inner][vc_row_inner disable_element=&#8221;yes&#8221;][vc_column_inner][vc_column_text]<strong>[eeSFL]<\/strong>[\/vc_column_text][\/vc_column_inner][\/vc_row_inner][\/vc_column][\/vc_row]<\/p>\n<\/section>","protected":false},"excerpt":{"rendered":"<p>[vc_row][vc_column][stm_color_separator color=&#8221;#f7b51b&#8221;][vc_empty_space][\/vc_column][\/vc_row][vc_row][vc_column][vc_row_inner][vc_column_inner][vc_column_text]V okviru projekta MUNERA 3 smo oblikovali mre\u017eo strokovnjakov, ki so pripravljeni nadalje sodelovati pri pou\u010devanju in predajanju znanj.\u00a0 Z mre\u017eo strokovnjakov pokrivamo ve\u010dji del Slovenije. Sodelujo\u010di strokovnjaki nudijo strokovna znanja in sicer s podro\u010dij:[\/vc_column_text][\/vc_column_inner][\/vc_row_inner][vc_row_inner][vc_column_inner width=&#8221;1\/2&#8243;][vc_column_text] avtomatizacije in robotike, biologije, biotehnike, gastronomije in gostinstva, sla\u0161\u010di\u010darstva in pekarstva, prehrane in \u017eivilstva, vinarstva, gozdne pedagogike, gozdarstva, [&hellip;]<\/p>\n","protected":false},"author":4,"featured_media":0,"parent":0,"menu_order":0,"comment_status":"closed","ping_status":"closed","template":"","meta":{"footnotes":""},"class_list":["post-5877","page","type-page","status-publish","hentry"],"_links":{"self":[{"href":"https:\/\/www.munera3.si\/index.php?rest_route=\/wp\/v2\/pages\/5877","targetHints":{"allow":["GET"]}}],"collection":[{"href":"https:\/\/www.munera3.si\/index.php?rest_route=\/wp\/v2\/pages"}],"about":[{"href":"https:\/\/www.munera3.si\/index.php?rest_route=\/wp\/v2\/types\/page"}],"author":[{"embeddable":true,"href":"https:\/\/www.munera3.si\/index.php?rest_route=\/wp\/v2\/users\/4"}],"replies":[{"embeddable":true,"href":"https:\/\/www.munera3.si\/index.php?rest_route=%2Fwp%2Fv2%2Fcomments&post=5877"}],"version-history":[{"count":9,"href":"https:\/\/www.munera3.si\/index.php?rest_route=\/wp\/v2\/pages\/5877\/revisions"}],"predecessor-version":[{"id":5887,"href":"https:\/\/www.munera3.si\/index.php?rest_route=\/wp\/v2\/pages\/5877\/revisions\/5887"}],"wp:attachment":[{"href":"https:\/\/www.munera3.si\/index.php?rest_route=%2Fwp%2Fv2%2Fmedia&parent=5877"}],"curies":[{"name":"wp","href":"https:\/\/api.w.org\/{rel}","templated":true}]}}