{"id":413,"date":"2018-07-26T12:16:19","date_gmt":"2018-07-26T12:16:19","guid":{"rendered":"http:\/\/lmsdemo.loc\/lms-white\/?page_id=413"},"modified":"2026-01-05T11:21:22","modified_gmt":"2026-01-05T10:21:22","slug":"kontakti","status":"publish","type":"page","link":"https:\/\/www.munera3.si\/?page_id=413","title":{"rendered":"Kontakti"},"content":{"rendered":"<section class=\"wpb-content-wrapper\"><p>[vc_row][vc_column][vc_custom_heading text=&#8221;Strokovno koordinatorstvo po podro\u010djih:&#8221; use_theme_fonts=&#8221;yes&#8221;][vc_row_inner][vc_column_inner width=&#8221;1\/2&#8243;][vc_custom_heading text=&#8221;Zahodna kohezijska regija&#8221; font_container=&#8221;tag:h3|text_align:left&#8221; use_theme_fonts=&#8221;yes&#8221;][vc_column_text]<strong>Podro\u010dje tehnike: \u0160olski center Kranj:<br \/>\n<\/strong>Nata\u0161a Kristan<strong><br \/>\n<\/strong>Vsako sredo v mesecu od <strong>9h do 11h<\/strong><br \/>\nTelefon: <strong>04\/ 280 40 45<\/strong><br \/>\nE-naslov:\u00a0<a href=\"mailto:natasa.kristan@sckr.si\" target=\"_blank\" rel=\"noopener noreferrer\" data-auth=\"NotApplicable\">natasa.kristan@sckr.si<\/a><\/p>\n<p><strong>Podro\u010dje biotehnike: Biotehni\u0161ki izobra\u017eevalni center Ljubljana:<br \/>\n<\/strong>Gregor Matos<br \/>\nVsak ponedeljek od <strong>9h do 10h<\/strong><br \/>\nTelefon:<strong> 01\/ 28 07 629<\/strong><br \/>\nE-naslov:\u00a0<a href=\"mailto:gregor.matos@bic-lj.si\" target=\"_blank\" rel=\"noopener noreferrer\" data-auth=\"NotApplicable\">gregor.matos@bic-lj.si<\/a><\/p>\n<p><strong>Podro\u010dje storitev: Srednja upravno administrativna \u0161ola Ljubljana:<br \/>\n<\/strong>Katja Blatnik<br \/>\nVsak \u010detrtek od <strong>12h-13h<br \/>\n<\/strong>Telefon: <strong>031 715 385<\/strong><br \/>\nE-naslov:\u00a0<a href=\"mailto:katja.blatnik@suaslj.si\" target=\"_blank\" rel=\"noopener noreferrer\" data-auth=\"NotApplicable\">katja.blatnik@suaslj.si<\/a><br \/>\nSkype: katja.b@amis.net<\/p>\n<p><strong>Podro\u010dje vi\u0161je\u0161olskih programov: Biotehni\u0161ki center Naklo:<br \/>\n<\/strong>Milena Ma\u010dek Jerala<br \/>\nVsak torek od <strong>13h do 15h<\/strong><br \/>\nTelefon: <strong>04\/ 277 21 01, 051 458 952<\/strong><br \/>\nE- naslov:\u00a0<a href=\"mailto:milena.jerala@bc-naklo.si\" target=\"_blank\" rel=\"noopener noreferrer\" data-auth=\"NotApplicable\">milena.jerala@bc-naklo.si<\/a><br \/>\nSkype: milena.jerala[\/vc_column_text][\/vc_column_inner][vc_column_inner width=&#8221;1\/2&#8243;][vc_custom_heading text=&#8221;Vzhodna kohezijska regija&#8221; font_container=&#8221;tag:h3|text_align:left&#8221; use_theme_fonts=&#8221;yes&#8221;][vc_column_text]<strong>Podro\u010dje tehnike: \u0160olski center Celje:<br \/>\n<\/strong>Jerneja Kri\u017ean<br \/>\nVsak prvi in tretji ponedeljek v mesecu od <strong>9h do 11h<\/strong><br \/>\nTelefon: <strong>03\/ 428 58 26<\/strong><br \/>\nE-naslov: \u00a0<a href=\"mailto:jerneja.krizan@sc-celje.si\" target=\"_blank\" rel=\"noopener noreferrer\" data-auth=\"NotApplicable\" data-linkindex=\"0\">jerneja.krizan@sc-celje.si<\/a>\u00a0\u00a0ali <a href=\"mailto:denis.kac@sc-celje.si\" target=\"_blank\" rel=\"noopener noreferrer\" data-auth=\"NotApplicable\">denis.kac@sc-celje.si<\/a><br \/>\nAli osebni obisk na \u0161oli, v pisarni C-20<\/p>\n<p><strong>Podro\u010dje biotehnike : Srednja \u0161ola za gostinstvo in turizem Celje:<br \/>\n<\/strong>Maja \u0160tukelj<br \/>\nVsak prvi in drugi torek v mesecu od <strong>11h do 13h<\/strong><br \/>\nTelefon: <strong>040 787 100<\/strong><br \/>\nE-naslov:\u00a0<a href=\"mailto:maja.stukelj@ssgt.si\" target=\"_blank\" rel=\"noopener noreferrer\" data-auth=\"NotApplicable\">maja.stukelj@ssgt.si<\/a><\/p>\n<p class=\"x_MsoNormal\">Natali Borinc<br \/>\nvsak \u010detrtek od <strong>8h do 12h<\/strong><br \/>\nMessenger, Viber in WhatsApp<br \/>\nTelefon: <strong>041 334 374<\/strong><br \/>\nE-naslov:\u00a0<a href=\"mailto:natali.borinc@ssgt.si\" target=\"_blank\" rel=\"noopener noreferrer\" data-auth=\"NotApplicable\">natali.borinc@ssgt.si<\/a><\/p>\n<p><strong>Podro\u010dje storitev: Gimnazija Celje &#8211; Center:<br \/>\n<\/strong>Metka Krajnc Sev\u0161ek<br \/>\nVsak \u010detrtek od<strong> 8h do 15h<\/strong><br \/>\nTelefon: <strong>03\/ 428 57 00<\/strong><br \/>\nE-naslov:\u00a0<a href=\"mailto:metka.krajnc@gcc.si\" target=\"_blank\" rel=\"noopener noreferrer\" data-auth=\"NotApplicable\">metka.krajnc@gcc.si<\/a><\/p>\n<p class=\"x_MsoNormal\">Jasmina Born\u0161ek<br \/>\nVsak \u010detrtek od <strong>8h do 12h<\/strong><br \/>\nTelefon: <strong>03\/ 428 57 00<\/strong><br \/>\nE-naslov:\u00a0<a href=\"mailto:jasmina.bornsek@escelje.si\" target=\"_blank\" rel=\"noopener noreferrer\" data-auth=\"NotApplicable\">jasmina.bornsek@escelje.si<\/a><\/p>\n<p><strong>Podro\u010dje vi\u0161je\u0161olskih programov: \u0160olski center Novo mesto:<br \/>\n<\/strong>\u0160olski center Novo mesto<br \/>\nDijana Golovr\u0161ki<br \/>\nVsako <strong>sredo od 12h do 14h<\/strong><br \/>\nTelefon: <strong>07\/ 393 22 08<\/strong><br \/>\nE-naslov:\u00a0<a href=\"mailto:dijana.golovrski@sc-nm.si\" target=\"_blank\" rel=\"noopener noreferrer\" data-auth=\"NotApplicable\">dijana.golovrski@sc-nm.si<\/a>[\/vc_column_text][\/vc_column_inner][\/vc_row_inner][\/vc_column][\/vc_row][vc_row][vc_column][stm_multy_separator css=&#8221;.vc_custom_1435665826984{margin-top: 39px !important;margin-bottom: 0px !important;}&#8221;][\/vc_column][\/vc_row][vc_row css=&#8221;.vc_custom_1435659486461{margin-bottom: 0px !important;}&#8221;][vc_column width=&#8221;2\/5&#8243; el_class=&#8221;stm_icon_box_responsive&#8221;][vc_custom_heading text=&#8221;Kontaktni podatki&#8221; font_container=&#8221;tag:h3|text_align:left&#8221; use_theme_fonts=&#8221;yes&#8221; css=&#8221;.vc_custom_1539204112668{margin-top: -20px !important;margin-bottom: 35px !important;}&#8221;][vc_empty_space height=&#8221;&#8221; mobile_height=&#8221;30&#8243;][stm_icon_box title_holder=&#8221;h5&#8243; hover_pos=&#8221;none&#8221; icon=&#8221;fa-icon-stm_icon_pin-o&#8221; icon_size=&#8221;35&#8243; icon_align=&#8221;left&#8221; icon_width=&#8221;35&#8243; icon_color=&#8221;#eab830&#8243; title=&#8221;Naslov&#8221; box_bg_color=&#8221;#ffffff&#8221; box_text_color=&#8221;#555555&#8243; css=&#8221;.vc_custom_1539688002646{margin-top: 0px !important;border-top-width: 1px !important;border-bottom-width: 1px !important;padding-top: 30px !important;padding-right: 0px !important;padding-bottom: 14px !important;padding-left: 0px !important;border-top-color: #e1e2e4 !important;border-top-style: solid !important;border-bottom-color: #e1e2e4 !important;border-bottom-style: solid !important;}&#8221; css_icon=&#8221;.vc_custom_1539688002645{padding-left: 7px !important;}&#8221;]Cankarjeva ulica 10, 5000 Nova Gorica[\/stm_icon_box][vc_row_inner css=&#8221;.vc_custom_1435139343164{margin-bottom: 0px !important;}&#8221;][vc_column_inner el_class=&#8221;stm_sm_gutter_back&#8221; css=&#8221;.vc_custom_1436791397964{padding-right: 0px !important;}&#8221; offset=&#8221;vc_col-lg-6 vc_col-md-6&#8243;][stm_icon_box title_holder=&#8221;h5&#8243; hover_pos=&#8221;none&#8221; link_color_style=&#8221;dark&#8221; icon=&#8221;fa-icon-stm_icon_phone-o&#8221; icon_size=&#8221;33&#8243; icon_align=&#8221;left&#8221; icon_width=&#8221;35&#8243; icon_color=&#8221;#eab830&#8243; title=&#8221;Tel:&#8221; box_bg_color=&#8221;#ffffff&#8221; box_text_color=&#8221;#555555&#8243; css=&#8221;.vc_custom_1602503515164{margin-top: 27px !important;border-bottom-width: 1px !important;padding-top: 0px !important;padding-right: 15px !important;padding-bottom: 17px !important;padding-left: 0px !important;border-bottom-color: #e1e2e4 !important;border-bottom-style: solid !important;}&#8221; css_icon=&#8221;.vc_custom_1602503515163{padding-left: 7px !important;}&#8221;]+ 386 5 620 57 34<\/p>\n<p>+ 386 5 620 57 36[\/stm_icon_box][\/vc_column_inner][vc_column_inner el_class=&#8221;stm_sm_gutter_back&#8221; css=&#8221;.vc_custom_1436790977027{padding-left: 0px !important;}&#8221; offset=&#8221;vc_col-lg-6 vc_col-md-6&#8243;][stm_icon_box title_holder=&#8221;h5&#8243; hover_pos=&#8221;none&#8221; link_color_style=&#8221;dark&#8221; icon=&#8221;fa-icon-stm_icon_skype-o&#8221; icon_size=&#8221;33&#8243; icon_align=&#8221;left&#8221; icon_width=&#8221;61&#8243; icon_color=&#8221;#eab830&#8243; title=&#8221;Skype:&#8221; box_bg_color=&#8221;#ffffff&#8221; box_text_color=&#8221;#555555&#8243; css=&#8221;.vc_custom_1602503475188{margin-top: 27px !important;border-bottom-width: 1px !important;padding-top: 0px !important;padding-right: 0px !important;padding-bottom: 17px !important;padding-left: 0px !important;border-bottom-color: #e1e2e4 !important;border-bottom-style: solid !important;}&#8221; css_icon=&#8221;.vc_custom_1602503475187{padding-left: 26px !important;}&#8221;]skype<\/p>\n<p>.[\/stm_icon_box][\/vc_column_inner][\/vc_row_inner][vc_row_inner css=&#8221;.vc_custom_1435139343164{margin-bottom: 0px !important;}&#8221;][vc_column_inner el_class=&#8221;stm_sm_gutter_back stm_bottom_border&#8221; css=&#8221;.vc_custom_1436791452718{padding-right: 0px !important;}&#8221; offset=&#8221;vc_col-lg-6 vc_col-md-6&#8243;][stm_icon_box title_holder=&#8221;h5&#8243; hover_pos=&#8221;none&#8221; link_color_style=&#8221;dark&#8221; icon=&#8221;fa-icon-stm_icon_mail-o&#8221; icon_size=&#8221;22&#8243; icon_align=&#8221;left&#8221; icon_width=&#8221;35&#8243; icon_color=&#8221;#eab830&#8243; title=&#8221;E-po\u0161ta:&#8221; box_bg_color=&#8221;#ffffff&#8221; box_text_color=&#8221;#555555&#8243; css=&#8221;.vc_custom_1539204190270{margin-top: 27px !important;padding-top: 0px !important;padding-right: 15px !important;padding-bottom: 14px !important;padding-left: 0px !important;}&#8221; css_icon=&#8221;.vc_custom_1539204190268{padding-top: 10px !important;padding-left: 3px !important;}&#8221;]info@munera3.si[\/stm_icon_box][\/vc_column_inner][vc_column_inner el_class=&#8221;stm_sm_gutter_back&#8221; css=&#8221;.vc_custom_1436791272952{padding-left: 0px !important;}&#8221; offset=&#8221;vc_col-lg-6 vc_col-md-6&#8243;][stm_icon_box title_holder=&#8221;h5&#8243; hover_pos=&#8221;none&#8221; link_color_style=&#8221;dark&#8221; icon=&#8221;fa-icon-stm_icon_earth&#8221; icon_size=&#8221;33&#8243; icon_align=&#8221;left&#8221; icon_width=&#8221;61&#8243; icon_color=&#8221;#eab830&#8243; title=&#8221;Splet:&#8221; box_bg_color=&#8221;#ffffff&#8221; box_text_color=&#8221;#555555&#8243; css=&#8221;.vc_custom_1539204229115{margin-top: 27px !important;padding-top: 0px !important;padding-right: 0px !important;padding-bottom: 14px !important;padding-left: 0px !important;}&#8221; css_icon=&#8221;.vc_custom_1539204229114{padding-top: 3px !important;padding-left: 26px !important;}&#8221;]<a href=\"http:\/\/www.munera3.si\">www.munera3.si<\/a>[\/stm_icon_box][\/vc_column_inner][\/vc_row_inner][\/vc_column][vc_column width=&#8221;3\/5&#8243;][vc_empty_space height=&#8221;&#8221; mobile_height=&#8221;30&#8243;][vc_custom_heading text=&#8221;Kontaktne osebe:&#8221; font_container=&#8221;tag:h3|text_align:left&#8221; use_theme_fonts=&#8221;yes&#8221; css=&#8221;.vc_custom_1539682010874{margin-top: -20px !important;margin-bottom: 35px !important;}&#8221;][vc_row_inner][vc_column_inner width=&#8221;1\/2&#8243;][stm_contact name=&#8221;Adrijana Hodak&#8221; image=&#8221;1266&#8243; job=&#8221;Vodja projekta&#8221; phone=&#8221;05 62 05 735&#8243; email=&#8221;adrijana.hodak@scng.si&#8221; image_size=&#8221;124&#215;116&#8243;][\/vc_column_inner][vc_column_inner width=&#8221;1\/2&#8243;][stm_contact name=&#8221;Ne\u017ea Miku\u017e&#8221; job=&#8221;Koordinatorka projekta&#8221; phone=&#8221;05 62 05 736&#8243; email=&#8221;Neza.Mikuz@scng.si&#8221; image_size=&#8221;124&#215;116&#8243;][\/vc_column_inner][\/vc_row_inner][vc_row_inner][vc_column_inner width=&#8221;1\/2&#8243;][stm_contact name=&#8221;Ana Len\u0161\u010dak&#8221; job=&#8221;Koordinatorka projekta&#8221; phone=&#8221;05 62 05 798&#8243; email=&#8221;ana.lenscak@scng.si&#8221;][\/vc_column_inner][vc_column_inner width=&#8221;1\/2&#8243;][stm_contact name=&#8221;Ma\u0161a Kemper&#8221; job=&#8221;Finan\u010dnik projekta&#8221; phone=&#8221;05 62 05 787&#8243; email=&#8221;masa.kemper@scng.si&#8221; image_size=&#8221;124&#215;116&#8243;][\/vc_column_inner][\/vc_row_inner][\/vc_column][\/vc_row][vc_row][vc_column][stm_multy_separator css=&#8221;.vc_custom_1435665826984{margin-top: 39px !important;margin-bottom: 0px !important;}&#8221;][\/vc_column][\/vc_row][vc_row][vc_column width=&#8221;2\/3&#8243; css=&#8221;.vc_custom_1437478190523{margin-right: 0px !important;margin-bottom: 20px !important;padding-right: 64px !important;}&#8221; el_class=&#8221;custom-border&#8221;][vc_custom_heading text=&#8221;Va\u0161e mnenje oz. predlogi:&#8221; font_container=&#8221;tag:h3|text_align:left&#8221; use_theme_fonts=&#8221;yes&#8221; css=&#8221;.vc_custom_1539204293831{margin-bottom: 37px !important;}&#8221;]\n<div class=\"wpcf7 no-js\" id=\"wpcf7-f403-o1\" lang=\"en-US\" dir=\"ltr\" data-wpcf7-id=\"403\">\n<div class=\"screen-reader-response\"><p role=\"status\" aria-live=\"polite\" aria-atomic=\"true\"><\/p> <ul><\/ul><\/div>\n<form action=\"\/index.php?rest_route=%2Fwp%2Fv2%2Fpages%2F413#wpcf7-f403-o1\" method=\"post\" class=\"wpcf7-form init\" aria-label=\"Contact form\" novalidate=\"novalidate\" data-status=\"init\">\n<fieldset class=\"hidden-fields-container\"><input type=\"hidden\" name=\"_wpcf7\" value=\"403\" \/><input type=\"hidden\" name=\"_wpcf7_version\" value=\"6.1.4\" \/><input type=\"hidden\" name=\"_wpcf7_locale\" value=\"en_US\" \/><input type=\"hidden\" name=\"_wpcf7_unit_tag\" value=\"wpcf7-f403-o1\" \/><input type=\"hidden\" name=\"_wpcf7_container_post\" value=\"0\" \/><input type=\"hidden\" name=\"_wpcf7_posted_data_hash\" value=\"\" \/>\n<\/fieldset>\n<div class=\"row\">\n\t<div class=\"col-xs-12 col-sm-6 col-md-6 col-lg-6\">\n\t\t<div class=\"form-group\">\n\t\t\t<p><span class=\"wpcf7-form-control-wrap\" data-name=\"your-name\"><input size=\"40\" maxlength=\"400\" class=\"wpcf7-form-control wpcf7-text wpcf7-validates-as-required form-control\" aria-required=\"true\" aria-invalid=\"false\" placeholder=\"Ime\" value=\"\" type=\"text\" name=\"your-name\" \/><\/span>\n\t\t\t<\/p>\n\t\t<\/div>\n\t<\/div>\n\t<div class=\"col-xs-12 col-sm-6 col-md-6 col-lg-6\">\n\t\t<div class=\"form-group\">\n\t\t\t<p><span class=\"wpcf7-form-control-wrap\" data-name=\"email\"><input size=\"40\" maxlength=\"400\" class=\"wpcf7-form-control wpcf7-email wpcf7-validates-as-required wpcf7-text wpcf7-validates-as-email form-control\" aria-required=\"true\" aria-invalid=\"false\" placeholder=\"E-po\u0161ta\" value=\"\" type=\"email\" name=\"email\" \/><\/span>\n\t\t\t<\/p>\n\t\t<\/div>\n\t<\/div>\n<\/div>\n<div class=\"row\">\n\t<div class=\"col-xs-12 col-sm-12 col-md-12 col-lg-12\">\n\t\t<div class=\"form-group\">\n\t\t\t<p><span class=\"wpcf7-form-control-wrap\" data-name=\"message\"><textarea cols=\"40\" rows=\"9\" maxlength=\"2000\" class=\"wpcf7-form-control wpcf7-textarea wpcf7-validates-as-required form-control\" aria-required=\"true\" aria-invalid=\"false\" name=\"message\"><\/textarea><\/span>\n\t\t\t<\/p>\n\t\t<\/div>\n\t<\/div>\n<\/div>\n<div class=\"row\">\n\t<div class=\"col-xs-12 col-sm-12 col-md-12 col-lg-12\">\n\t\t<p><input class=\"wpcf7-form-control wpcf7-submit has-spinner btn btn-default\" type=\"submit\" value=\"Po\u0161lji\" \/>\n\t\t<\/p>\n\t<\/div>\n<\/div><div class=\"wpcf7-response-output\" aria-hidden=\"true\"><\/div>\n<\/form>\n<\/div>\n[\/vc_column][vc_column width=&#8221;1\/3&#8243; css=&#8221;.vc_custom_1435665074871{margin-bottom: 20px !important;}&#8221;][vc_custom_heading text=&#8221;Lokacija&#8221; font_container=&#8221;tag:h3|text_align:left&#8221; use_theme_fonts=&#8221;yes&#8221; css=&#8221;.vc_custom_1539682024921{margin-bottom: 37px !important;}&#8221;][vc_gmaps link=&#8221;#E-8_JTNDaWZyYW1lJTIwc3JjJTNEJTIyaHR0cHMlM0ElMkYlMkZ3d3cuZ29vZ2xlLmNvbSUyRm1hcHMlMkZlbWJlZCUzRnBiJTNEJTIxMW0xOCUyMTFtMTIlMjExbTMlMjExZDI3NzMuNjg1MzI4NzI4OTg2NCUyMTJkMTMuNjQxMTg1MDUwOTE2MTglMjEzZDQ1Ljk1NzU2OTc3OTAwNzI3JTIxMm0zJTIxMWYwJTIxMmYwJTIxM2YwJTIxM20yJTIxMWkxMDI0JTIxMmk3NjglMjE0ZjEzLjElMjEzbTMlMjExbTIlMjExczB4NDc3YjAwZTJiM2QxMDdiOSUyNTNBMHgzNGQ2Yzc0Mjc1MzFhNDg5JTIxMnNDYW5rYXJqZXZhJTJCdWxpY2ElMkIxMCUyNTJDJTJCNTAwMCUyQk5vdmElMkJHb3JpY2ElMjE1ZTAlMjEzbTIlMjExc3NsJTIxMnNzaSUyMTR2MTUzOTIwNjQwMjE1NiUyMiUyMHdpZHRoJTNEJTIyNjAwJTIyJTIwaGVpZ2h0JTNEJTIyNDUwJTIyJTIwZnJhbWVib3JkZXIlM0QlMjIwJTIyJTIwc3R5bGUlM0QlMjJib3JkZXIlM0EwJTIyJTIwYWxsb3dmdWxsc2NyZWVuJTNFJTNDJTJGaWZyYW1lJTNF&#8221; size=&#8221;266&#8243;][\/vc_column][\/vc_row]<\/p>\n<\/section>","protected":false},"excerpt":{"rendered":"<p>[vc_row][vc_column][vc_custom_heading text=&#8221;Strokovno koordinatorstvo po podro\u010djih:&#8221; use_theme_fonts=&#8221;yes&#8221;][vc_row_inner][vc_column_inner width=&#8221;1\/2&#8243;][vc_custom_heading text=&#8221;Zahodna kohezijska regija&#8221; font_container=&#8221;tag:h3|text_align:left&#8221; use_theme_fonts=&#8221;yes&#8221;][vc_column_text]Podro\u010dje tehnike: \u0160olski center Kranj: Nata\u0161a Kristan Vsako sredo v mesecu od 9h do 11h Telefon: 04\/ 280 40 45 E-naslov:\u00a0natasa.kristan@sckr.si Podro\u010dje biotehnike: Biotehni\u0161ki izobra\u017eevalni center Ljubljana: Gregor Matos Vsak ponedeljek od 9h do 10h Telefon: 01\/ 28 07 629 E-naslov:\u00a0gregor.matos@bic-lj.si Podro\u010dje storitev: Srednja [&hellip;]<\/p>\n","protected":false},"author":4,"featured_media":0,"parent":0,"menu_order":0,"comment_status":"closed","ping_status":"closed","template":"","meta":{"footnotes":""},"class_list":["post-413","page","type-page","status-publish","hentry"],"_links":{"self":[{"href":"https:\/\/www.munera3.si\/index.php?rest_route=\/wp\/v2\/pages\/413","targetHints":{"allow":["GET"]}}],"collection":[{"href":"https:\/\/www.munera3.si\/index.php?rest_route=\/wp\/v2\/pages"}],"about":[{"href":"https:\/\/www.munera3.si\/index.php?rest_route=\/wp\/v2\/types\/page"}],"author":[{"embeddable":true,"href":"https:\/\/www.munera3.si\/index.php?rest_route=\/wp\/v2\/users\/4"}],"replies":[{"embeddable":true,"href":"https:\/\/www.munera3.si\/index.php?rest_route=%2Fwp%2Fv2%2Fcomments&post=413"}],"version-history":[{"count":68,"href":"https:\/\/www.munera3.si\/index.php?rest_route=\/wp\/v2\/pages\/413\/revisions"}],"predecessor-version":[{"id":5925,"href":"https:\/\/www.munera3.si\/index.php?rest_route=\/wp\/v2\/pages\/413\/revisions\/5925"}],"wp:attachment":[{"href":"https:\/\/www.munera3.si\/index.php?rest_route=%2Fwp%2Fv2%2Fmedia&parent=413"}],"curies":[{"name":"wp","href":"https:\/\/api.w.org\/{rel}","templated":true}]}}