{"id":392,"date":"2018-07-26T07:17:24","date_gmt":"2018-07-26T07:17:24","guid":{"rendered":"http:\/\/lmsdemo.loc\/lms-white\/?page_id=392"},"modified":"2021-09-30T07:30:47","modified_gmt":"2021-09-30T05:30:47","slug":"o-projektu","status":"publish","type":"page","link":"https:\/\/www.munera3.si\/?page_id=392","title":{"rendered":"Projekt Munera 3"},"content":{"rendered":"<section class=\"wpb-content-wrapper\"><p>[vc_row css=&#8221;.vc_custom_1435816078010{margin-bottom: 15px !important;}&#8221;][vc_column width=&#8221;1\/2&#8243;][vc_custom_heading text=&#8221;Munera 3 \u2013 dobrodo\u0161li!&#8221; use_theme_fonts=&#8221;yes&#8221; css=&#8221;.vc_custom_1632125918067{margin-bottom: 29px !important;}&#8221;][vc_column_text css=&#8221;.vc_custom_1632125976884{margin-bottom: 32px !important;}&#8221; el_class=&#8221;poravnava&#8221;]V obdobju od 2018 do 2022 bomo na 86 \u0161olah po Sloveniji izvajali programe nadaljnjega poklicnega izobra\u017eevanja in usposabljanja za zaposlene, in sicer kot dodatna usposabljanja, kvalifikacije ali prekvalifikacije, ki morajo slediti potrebam na trgu dela in na posameznih delovnih mestih. Munera 3 nudi zaposlenim \u0161tevilne mo\u017enosti vklju\u010devanja v programe nadaljnjega poklicnega izobra\u017eevanja in usposabljanja, s ciljem izbolj\u0161anja njihovih kompetenc zaradi potreb na trgu dela, vec\u030cje zaposljivosti in mobilnosti med podroc\u030cji dela ter osebnega razvoja in delovanja v sodobni druz\u030cbi. Programi se bodo izvajali na strokovnih podro\u010djih tehnike, biotehnike in storitev v vseh dvanajstih statisti\u010dnih regijah Republike Slovenije. V projekt bomo lahko vklju\u010dili najmanj 17.640 zaposlenih, ki se bodo lahko izobra\u017eevali in usposabljali na ravni srednje\u0161olskega poklicnega, srednje\u0161olskega strokovnega ter vi\u0161je\u0161olskega izobra\u017eevanja.[\/vc_column_text][\/vc_column][vc_column width=&#8221;1\/2&#8243;][vc_single_image image=&#8221;1322&#8243; img_size=&#8221;570&#215;350&#8243; css=&#8221;.vc_custom_1539687406648{margin-bottom: 69px !important;}&#8221;][\/vc_column][\/vc_row][vc_row][vc_column][stm_multy_separator css=&#8221;.vc_custom_1435819083449{margin-bottom: 64px !important;}&#8221;][vc_custom_heading text=&#8221;Sodelujo\u010de \u0161ole&#8221; use_theme_fonts=&#8221;yes&#8221; css=&#8221;.vc_custom_1539687491798{margin-bottom: 37px !important;}&#8221;][vc_row_inner][vc_column_inner width=&#8221;1\/2&#8243;][vc_column_text]<a href=\"https:\/\/www.academia.si\/aktualno\/brezplacen-studij-za-zaposlene-v-studijskem-letu-2020-2021-2\" target=\"_blank\" rel=\"noopener noreferrer\">ACADEMIA dru\u017eba za storitve d.o.o.<\/a><br \/>\n<a href=\"https:\/\/www.bb.si\/dogodki\/projekt-munera3\" target=\"_blank\" rel=\"noopener noreferrer\">B&amp;B izobra\u017eevanje in usposabljanje d. o. o.<\/a><br \/>\n<a href=\"https:\/\/www.b2.eu\/sl\/visja-sola\/vpis-in-solnina\/munera3\" target=\"_blank\" rel=\"noopener noreferrer\">B2 izobra\u017eevanje in informacijske storitve, d.o.o.<\/a><br \/>\n<a href=\"http:\/\/solarakican.si\/index.php\/sl\/galerija-slik\/munera-3\" target=\"_blank\" rel=\"noopener noreferrer\">Biotehni\u0161ka \u0161ola Raki\u010dan<\/a><br \/>\n<a href=\"http:\/\/www.bc-naklo.si\/izobrazevanje-odraslih-npk-tecaji-in-delavnice\/brezplacna-usposabljanja\/projekt-munera-3\/o-projektu\/\" target=\"_blank\" rel=\"noopener noreferrer\">Biotehni\u0161ki center Naklo<\/a><br \/>\n<a href=\"http:\/\/www.bic-lj.si\/mic\/index.php\/teaji\/brezplacna-usposabljanja\/625-brezplacna-izobrazevanja-za-zaposlene-projekt-munera3-2018-2022\" target=\"_blank\" rel=\"noopener noreferrer\">Biotehni\u0161ki izobra\u017eevalni center Ljubljana<\/a><br \/>\n<a href=\"https:\/\/www.cpu.si\/munera\/\" target=\"_blank\" rel=\"noopener noreferrer\">Center za poslovno usposabljanje, Vi\u0161ja strokovna \u0161ola Ljubljana<\/a><br \/>\n<a href=\"https:\/\/www.doba.si\/visja-strokovna-sola-1\/o-visji-strokovni-soli\/munera-3\" target=\"_blank\" rel=\"noopener noreferrer\">DOBA EPIS, d.o.o.<\/a><br \/>\n<a href=\"https:\/\/www.dssl.si\/projekti\/munera-3\/\" target=\"_blank\" rel=\"noopener noreferrer\">Dvojezi\u010dna srednja \u0161ola Lendava<\/a><br \/>\n<a href=\"https:\/\/edckranj.com\/index.php\/vss-izobrazevalni-programi\/vpis\/\" target=\"_blank\" rel=\"noopener noreferrer\">Vi\u0161ja strokovna \u0161ola EDC Kranj<\/a><br \/>\n<a href=\"https:\/\/www.egss.si\/index.php\/munera3\/\" target=\"_blank\" rel=\"noopener noreferrer\">Ekonomska gimnazija in srednja \u0161ola Radovljica<\/a><br \/>\n<a href=\"http:\/\/www.vssbrezice.si\/cms\/program-npiu\/\" target=\"_blank\" rel=\"noopener noreferrer\">Strokovno izobra\u017eevalni center Bre\u017eice<\/a><br \/>\n<a href=\"https:\/\/srednja.escelje.si\/munera-3-2\/\" target=\"_blank\" rel=\"noopener noreferrer\">Ekonomska \u0161ola Celje<\/a><br \/>\n<a href=\"http:\/\/www.vss-ms.si\/brezplacen-studij-za-zaposlene-projekt-munera-3\/\" target=\"_blank\" rel=\"noopener noreferrer\">Ekonomska \u0161ola Murska Sobota<\/a><br \/>\n<a href=\"https:\/\/www.esnm.si\/munera-3\/\" target=\"_blank\" rel=\"noopener noreferrer\">Ekonomska \u0161ola Novo mesto<\/a><br \/>\n<a href=\"https:\/\/www.vegova.si\/projekti\/\" target=\"_blank\" rel=\"noopener noreferrer\">Elektrotehni\u0161ko-ra\u010dunalni\u0161ka strokovna \u0161ola in gimnazija Ljubljana<\/a><br \/>\n<a href=\"https:\/\/www.erudio.si\/slovenscina\/visja-strokovna-sola\/projekti\/munera-3\" target=\"_blank\" rel=\"noopener noreferrer\">ERUDIO izobra\u017eevalni center<\/a><br \/>\n<a href=\"https:\/\/gea-college.si\/brezplacen-visjesolski-studij-za-redno-zaposlene\/\" target=\"_blank\" rel=\"noopener noreferrer\">GEA College CV\u0160, Dru\u017eba za vi\u0161je\u0161olsko izobra\u017eevanje &#8211; Center vi\u0161jih \u0161ol, d.o.o.<\/a><br \/>\n<a href=\"http:\/\/www.gcc.si\/munera3\/\" target=\"_blank\" rel=\"noopener noreferrer\">Gimnazija Celje &#8211; Center<\/a><br \/>\n<a href=\"http:\/\/odrasli.miklosic.eu\/index.php\/neformalno-izobrazevanje\/munera-3\" target=\"_blank\" rel=\"noopener noreferrer\">Gimnazija Franca Miklo\u0161i\u010da Ljutomer<\/a><br \/>\n<a href=\"http:\/\/www.gess.si\/aktivnosti\/projekti-in-izmenjave\/munera-3\/\" target=\"_blank\" rel=\"noopener noreferrer\">Gimnazija in ekonomska srednja \u0161ola Trbovlje<\/a><br \/>\n<a href=\"https:\/\/www.gssk.si\/munera-3\/\" target=\"_blank\" rel=\"noopener noreferrer\">Gimnazija in srednja \u0161ola Ko\u010devje<\/a><br \/>\n<a href=\"https:\/\/www.gim-idrija.si\/munera3\/\" target=\"_blank\" rel=\"noopener noreferrer\">Gimnazija Jurija Vege Idrija<\/a><br \/>\n<a href=\"http:\/\/www.gimnazija-ormoz.si\/izvajanje-programov-nadaljnjega-poklicnega-izobrazevanja-in-usposabljanja-v-letih-2018-2022\/\" target=\"_blank\" rel=\"noopener noreferrer\">Gimnazija Ormo\u017e<\/a><br \/>\n<a href=\"http:\/\/www.geps.si\/munera\" target=\"_blank\" rel=\"noopener noreferrer\">Gimnazija, elektro in pomorska \u0161ola Piran<\/a><br \/>\n<a href=\"https:\/\/grm-nm.si\/munera3\" target=\"_blank\" rel=\"noopener noreferrer\">Grm Novo mesto &#8211; center biotehnike in turizma<\/a><br \/>\n<a href=\"https:\/\/www.ices.si\/upload\/Projekt%20Munera3%20ICES%20RAZPIS%20objava%20net%20-%20marec%202019.pdf\" target=\"_blank\" rel=\"noopener noreferrer\">Izobra\u017eevalni center energetskega sistema Vi\u0161ja strokovna \u0161ola<\/a><br \/>\n<a href=\"https:\/\/www.ic-geoss.si\/visja-sola\/projekt-munera-3\/\" target=\"_blank\" rel=\"noopener noreferrer\">Izobra\u017eevalni center Geoss d.o.o.<\/a><br \/>\n<a href=\"https:\/\/www.memory.si\/projekti\/\" target=\"_blank\" rel=\"noopener noreferrer\">Izobra\u017eevalni center Memory, d.o.o.<\/a><br \/>\n<a href=\"http:\/\/www.icp-mb.si\/medpodjetniski-izobrazevalni-center\/projekti\/munera-3\/\" target=\"_blank\" rel=\"noopener noreferrer\">Izobra\u017eevalni center Piramida Maribor<\/a><br \/>\n<a href=\"http:\/\/www.lampret-consulting.si\/studijski-center\/center-visjih-sol\/projekt-munera-3\" target=\"_blank\" rel=\"noopener noreferrer\">LAMPRET CONSULTING d.o.o. Vi\u0161ja strokovna \u0161ola<\/a><br \/>\n<a href=\"https:\/\/www.prah.si\/719\/munera-3.aspx\" target=\"_blank\" rel=\"noopener noreferrer\">PRAH, izobra\u017eevalni\u00a0center, izobra\u017eevanje in usposabljanje, d.o.o.<\/a><br \/>\n<a href=\"http:\/\/prometna.net\/munera-3\/\" target=\"_blank\" rel=\"noopener noreferrer\">Prometna \u0161ola Maribor<\/a><br \/>\n<a href=\"https:\/\/www.seslj.si\/munera-3\/\" target=\"_blank\" rel=\"noopener noreferrer\">Srednja ekonomska \u0161ola Ljubljana<\/a><br \/>\n<a href=\"https:\/\/www.ses-mb.si\/index.php\/munera-3-brezplacna-usposabljanja-za-zaposlene\" target=\"_blank\" rel=\"noopener noreferrer\">Srednja ekonomska \u0161ola Maribor<\/a><br \/>\n<a href=\"https:\/\/www.seps.si\/projekt-munera-3\/\" target=\"_blank\" rel=\"noopener noreferrer\">Srednja ekonomsko &#8211; poslovna \u0161ola Koper<\/a><br \/>\n<a href=\"http:\/\/www.frizerska.si\/munera3-brezplacni-tecaji-za-zaposlene\/\" target=\"_blank\" rel=\"noopener noreferrer\">Srednja frizerska \u0161ola Ljubljana<\/a><br \/>\n<a href=\"http:\/\/www.sgtsr.si\/files\/2019\/09\/munera.pdf\" target=\"_blank\" rel=\"noopener noreferrer\">Srednja gostinska in turisti\u010dna \u0161ola Radovljica<\/a><br \/>\n<a href=\"https:\/\/sgls.si\/vsezivljenjsko-ucenje\/tecaji-in-usposabljanja\/\" target=\"_blank\" rel=\"noopener noreferrer\">Srednja gozdarska in lesarska \u0161ola Postojna<\/a><br \/>\n<a href=\"http:\/\/gradbena.si\/sola\/izobrazevanje-odraslih\/\" target=\"_blank\" rel=\"noopener noreferrer\">Srednja gradbena \u0161ola in gimnazija Maribor<\/a><br \/>\n<a href=\"http:\/\/www.sggos.si\/izobrazevanje-odraslih\/brezplacna-usposabljanja-munera3\/\" target=\"_blank\" rel=\"noopener noreferrer\">Srednja gradbena, geodetska in okoljevarstvena \u0161ola Ljubljana<\/a><br \/>\n<a href=\"https:\/\/www.smgs.si\/munera-3\/\" target=\"_blank\" rel=\"noopener noreferrer\">Srednja medijska in grafi\u010dna \u0161ola Ljubljana<\/a><br \/>\n<a href=\"https:\/\/www.siclj.si\/projekti\/munera3\/\" target=\"_blank\" rel=\"noopener noreferrer\">Strokovni izobra\u017eevalni center Ljubljana<\/a>[\/vc_column_text][\/vc_column_inner][vc_column_inner width=&#8221;1\/2&#8243;][vc_column_text]<a href=\"http:\/\/193.2.128.4\/stran\/munera-3\" target=\"_blank\" rel=\"noopener noreferrer\">Srednja poklicna in tehni\u0161ka \u0161ola Murska Sobota<\/a><br \/>\n<a href=\"http:\/\/ssdomzale.splet.arnes.si\/projekt-munera-3-priloznost-za-brezplacno-usposabljanje-zaposlenih\/\" target=\"_blank\" rel=\"noopener noreferrer\">Srednja \u0161ola Dom\u017eale<\/a><br \/>\n<a href=\"http:\/\/ssizolamunera3.splet.arnes.si\/munera3-predstavitev\/\" target=\"_blank\" rel=\"noopener noreferrer\">Srednja \u0161ola Izola<\/a><br \/>\n<a href=\"http:\/\/www.odraslih.com\/novice.html\" target=\"_blank\" rel=\"noopener noreferrer\">Srednja \u0161ola Jesenice<\/a><br \/>\n<a href=\"http:\/\/ssjj.splet.arnes.si\/munera-3\/\" target=\"_blank\" rel=\"noopener noreferrer\">Srednja \u0161ola Josipa Jur\u010di\u010da Ivan\u010dna Gorica<\/a><br \/>\n<a href=\"http:\/\/www.sssb.si\/dejavnosti-in-projekti\/munera-3\/\" target=\"_blank\" rel=\"noopener noreferrer\">Srednja \u0161ola Slovenska Bistrica<\/a><br \/>\n<a href=\"https:\/\/ssts.si\/munera\/\" target=\"_blank\" rel=\"noopener noreferrer\">Srednja \u0161ola tehni\u0161kih strok \u0160i\u0161ka<\/a><br \/>\n<a href=\"http:\/\/www.ss-venopilon.si\/razvojni-projekti-eu\/\" target=\"_blank\" rel=\"noopener noreferrer\">Srednja \u0161ola Veno Pilon Ajdov\u0161\u010dina<\/a><br \/>\n<a href=\"http:\/\/www.ssgt.si\/sola\/mic\/munera-3\/\" target=\"_blank\" rel=\"noopener noreferrer\">Srednja \u0161ola za gostinstvo in turizem Celje<\/a><br \/>\n<a href=\"https:\/\/www.ssgt-mb.si\/stran\/54\/munera3\" target=\"_blank\" rel=\"noopener noreferrer\">Srednja \u0161ola za gostinstvo in turizem Maribor<\/a><br \/>\n<a href=\"http:\/\/ssgtr.si\/?page_id=1831\" target=\"_blank\" rel=\"noopener noreferrer\">Srednja \u0161ola za gostinstvo in turizem Radenci<\/a><br \/>\n<a href=\"http:\/\/www.ssgtlj.si\/index.php?option=com_content&amp;view=article&amp;id=1005:munera3&amp;catid=68&amp;Itemid=200097\" target=\"_blank\" rel=\"noopener noreferrer\">Srednja \u0161ola za gastronomijo in turizem Ljubljana<\/a><br \/>\n<a href=\"https:\/\/www.ssom.si\/2020\/10\/27\/munera-3-na-ssom\/\" target=\"_blank\" rel=\"noopener\">Srednja \u0161ola za oblikovanje Maribor<\/a><br \/>\n<a href=\"https:\/\/www.sszagorje.si\/munera-3\/\" target=\"_blank\" rel=\"noopener noreferrer\">Srednja \u0161ola Zagorje<\/a><br \/>\n<a href=\"https:\/\/www.stps-trbovlje.si\/\" target=\"_blank\" rel=\"noopener noreferrer\">Srednja tehni\u0161ka in poklicna \u0161ola Trbovlje<\/a><br \/>\n<a href=\"http:\/\/www.sts.si\/index.php\/izobrazevanje-odraslih\/projekti\" target=\"_blank\" rel=\"noopener noreferrer\">Srednja tehni\u0161ka \u0161ola Koper<\/a><br \/>\n<a href=\"https:\/\/www.sts-ljubljana.si\/munera-3-2\/\" target=\"_blank\" rel=\"noopener noreferrer\">Srednja trgovska \u0161ola Ljubljana<\/a><br \/>\n<a href=\"https:\/\/suaslj.com\/suas-projekti\/sodelovanje-v-projektu-munera-3\/\" target=\"_blank\" rel=\"noopener noreferrer\">Srednja upravno administrativna \u0161ola Ljubljana<\/a><br \/>\n<a href=\"https:\/\/www.svsgugl.si\/izobrazevanje-odraslih\/munera3\/\" target=\"_blank\" rel=\"noopener noreferrer\">Srednja vzgojiteljska \u0161ola, gimnazija in umetni\u0161ka gimnazija Ljubljana<\/a><br \/>\n<a href=\"http:\/\/www.szsce.si\/aktivnosti-na-soli\/projekti\/munera3\/\" target=\"_blank\" rel=\"noopener noreferrer\">Srednja zdravstvena in kozmeti\u010dna \u0161ola Celje<\/a><br \/>\n<a href=\"http:\/\/szslj-io.splet.arnes.si\/2017\/05\/25\/vpis-kandidatov-za-solsko-leto-201718\/\" target=\"_blank\" rel=\"noopener noreferrer\">Srednja zdravstvena \u0161ola Ljubljana<\/a><br \/>\n<a href=\"http:\/\/www.szsms.si\/munera-3\/\" target=\"_blank\" rel=\"noopener noreferrer\">Srednja zdravstvena \u0161ola Murska Sobota<\/a><br \/>\n<a href=\"https:\/\/www.hvu.si\/izobrazevalni-center\/?page_id=25\" target=\"_blank\" rel=\"noopener noreferrer\">\u0160ola za hortikulturo in vizualne umetnosti Celje<\/a><br \/>\n<a href=\"http:\/\/projekti.sc-celje.si\/munera-3\/\" target=\"_blank\" rel=\"noopener noreferrer\">\u0160olski center Celje<\/a><br \/>\n<a href=\"http:\/\/www.sckranj.si\/mic\/68-slideshow\/181-munera-3\" target=\"_blank\" rel=\"noopener noreferrer\">\u0160olski center Kranj<\/a><br \/>\n<a href=\"https:\/\/www.sc-krsko.si\/index.php\/o-centru\/munera-3\" target=\"_blank\" rel=\"noopener noreferrer\">\u0160olski center Kr\u0161ko &#8211; Sevnica<\/a><br \/>\n<a href=\"https:\/\/www.sclj.si\/projekti\" target=\"_blank\" rel=\"noopener noreferrer\">\u0160olski center Ljubljana<\/a><br \/>\n<a href=\"http:\/\/mic.scng.si\/programi-munera-3\/\" target=\"_blank\" rel=\"noopener noreferrer\">\u0160olski center Nova Gorica<\/a><br \/>\n<a href=\"https:\/\/www.sc-nm.si\/projekti\" target=\"_blank\" rel=\"noopener noreferrer\">\u0160olski center Novo mesto<\/a><br \/>\n<a href=\"https:\/\/scpo.splet.arnes.si\/brezplacna-izobrazevanja\/\" target=\"_blank\" rel=\"noopener noreferrer\">\u0160olski center Postojna<\/a><br \/>\n<a href=\"http:\/\/srednjasolaravne.si\/munera\/\" target=\"_blank\" rel=\"noopener noreferrer\">\u0160olski center Ravne na Koro\u0161kem<\/a><br \/>\n<a href=\"https:\/\/scrs.si\/izobrazevanje-odraslih\/nagovor-vodje-izobrazevanja-odraslih\/\" target=\"_blank\" rel=\"noopener noreferrer\">\u0160olski center Roga\u0161ka Slatina<\/a><br \/>\n<a href=\"http:\/\/www.sc-sg.si\/munera3-dogodki-in-novice\/\" target=\"_blank\" rel=\"noopener noreferrer\">\u0160olski center Slovenj Gradec<\/a><br \/>\n<a href=\"http:\/\/www.sc-konjice-zrece.si\/index.php\/component\/content\/article\/94-projekti\/projekti-v-izvajanju\/349-munera-3?Itemid=217\" target=\"_blank\" rel=\"noopener noreferrer\">\u0160olski center Slovenske Konjice &#8211; Zre\u010de<\/a><br \/>\n<a href=\"https:\/\/www.vss-sezana.si\/?page_id=7210\" target=\"_blank\" rel=\"noopener noreferrer\">\u0160olski center Sre\u010dka Kosovela Se\u017eana<\/a><br \/>\n<a href=\"https:\/\/sc-s.si\/joomla\/index.php\/projekti-na-c-entjur\/munera-3\" target=\"_blank\" rel=\"noopener noreferrer\">\u0160olski center \u0160entjur<\/a><br \/>\n<a href=\"http:\/\/www.scsl.si\/project\/munera-3\/\" target=\"_blank\" rel=\"noopener noreferrer\">\u0160olski center \u0160kofja Loka<\/a><br \/>\n<a href=\"https:\/\/www.scv.si\/sl\/projekti\/domaci-projekti\/projekt-munera-3\/\" target=\"_blank\" rel=\"noopener noreferrer\">\u0160olski center Velenje<\/a><br \/>\n<a href=\"https:\/\/vss.scpet.si\/vss\/index.php?module=content&amp;page_id=570\" target=\"_blank\" rel=\"noopener noreferrer\">\u0160olski center za po\u0161to, ekonomijo in telekomunikacije Ljubljana<\/a><br \/>\n<a href=\"http:\/\/www.tscmb.si\/mic-in-odrasli\/mic-usposabljanja\/\" target=\"_blank\" rel=\"noopener noreferrer\">Tehni\u0161ki \u0161olski center Maribor<\/a><br \/>\n<a href=\"https:\/\/vsgt.si\/visja-sola\/vpis\/\" target=\"_blank\" rel=\"noopener noreferrer\">Vi\u0161ja strokovna \u0161ola za gostinstvo in turizem Maribor<\/a><br \/>\n<a href=\"https:\/\/www.vgs-bled.si\/medpodjetniski-izobrazevalni-center\/projekt-munera-3\/\" target=\"_blank\" rel=\"noopener noreferrer\">Vi\u0161ja strokovna \u0161ola za gostinstvo, velnes in turizem Bled<\/a><br \/>\n<a href=\"http:\/\/www.vskv.si\/objave_obvestila\/munera3\/index.php\" target=\"_blank\" rel=\"noopener noreferrer\">Vi\u0161ja strokovna \u0161ola za kozmetiko in velnes Ljubljana<\/a>[\/vc_column_text][\/vc_column_inner][\/vc_row_inner][\/vc_column][\/vc_row][vc_row][vc_column][stm_multy_separator css=&#8221;.vc_custom_1435819083449{margin-bottom: 64px !important;}&#8221;][vc_custom_heading text=&#8221;Novice o projektu&#8221; use_theme_fonts=&#8221;yes&#8221; css=&#8221;.vc_custom_1616147661770{margin-bottom: 37px !important;}&#8221;][vc_cta h2=&#8221;Novice 2018&#8243; style=&#8221;flat&#8221; css_animation=&#8221;bounceInUp&#8221;]<a href=\"http:\/\/www.munera3.si\/wp-content\/uploads\/2021\/03\/Newsletter-MUNERA-3-2018-1.pdf\" target=\"_blank\" rel=\"noopener\">Priponka<\/a>[\/vc_cta][vc_cta h2=&#8221;Novice 2019&#8243; style=&#8221;outline&#8221; css_animation=&#8221;bounceInUp&#8221;]<a href=\"http:\/\/www.munera3.si\/wp-content\/uploads\/2021\/03\/Newsletter-MUNERA-3-2019-1.pdf\" target=\"_blank\" rel=\"noopener\">Priponka<\/a>[\/vc_cta][vc_cta h2=&#8221;Novice 2020&#8243; css_animation=&#8221;bounceInDown&#8221;]<a href=\"http:\/\/www.munera3.si\/wp-content\/uploads\/2021\/03\/Newsletter-MUNERA-3-2020-1.pdf\" target=\"_blank\" rel=\"noopener\">Priponka<\/a>[\/vc_cta][\/vc_column][\/vc_row]<\/p>\n<\/section>","protected":false},"excerpt":{"rendered":"<p>[vc_row css=&#8221;.vc_custom_1435816078010{margin-bottom: 15px !important;}&#8221;][vc_column width=&#8221;1\/2&#8243;][vc_custom_heading text=&#8221;Munera 3 \u2013 dobrodo\u0161li!&#8221; use_theme_fonts=&#8221;yes&#8221; css=&#8221;.vc_custom_1632125918067{margin-bottom: 29px !important;}&#8221;][vc_column_text css=&#8221;.vc_custom_1632125976884{margin-bottom: 32px !important;}&#8221; el_class=&#8221;poravnava&#8221;]V obdobju od 2018 do 2022 bomo na 86 \u0161olah po Sloveniji izvajali programe nadaljnjega poklicnega izobra\u017eevanja in usposabljanja za zaposlene, in sicer kot dodatna usposabljanja, kvalifikacije ali prekvalifikacije, ki morajo slediti potrebam na trgu dela in na posameznih [&hellip;]<\/p>\n","protected":false},"author":4,"featured_media":0,"parent":0,"menu_order":0,"comment_status":"closed","ping_status":"closed","template":"","meta":{"footnotes":""},"class_list":["post-392","page","type-page","status-publish","hentry"],"_links":{"self":[{"href":"https:\/\/www.munera3.si\/index.php?rest_route=\/wp\/v2\/pages\/392","targetHints":{"allow":["GET"]}}],"collection":[{"href":"https:\/\/www.munera3.si\/index.php?rest_route=\/wp\/v2\/pages"}],"about":[{"href":"https:\/\/www.munera3.si\/index.php?rest_route=\/wp\/v2\/types\/page"}],"author":[{"embeddable":true,"href":"https:\/\/www.munera3.si\/index.php?rest_route=\/wp\/v2\/users\/4"}],"replies":[{"embeddable":true,"href":"https:\/\/www.munera3.si\/index.php?rest_route=%2Fwp%2Fv2%2Fcomments&post=392"}],"version-history":[{"count":36,"href":"https:\/\/www.munera3.si\/index.php?rest_route=\/wp\/v2\/pages\/392\/revisions"}],"predecessor-version":[{"id":2911,"href":"https:\/\/www.munera3.si\/index.php?rest_route=\/wp\/v2\/pages\/392\/revisions\/2911"}],"wp:attachment":[{"href":"https:\/\/www.munera3.si\/index.php?rest_route=%2Fwp%2Fv2%2Fmedia&parent=392"}],"curies":[{"name":"wp","href":"https:\/\/api.w.org\/{rel}","templated":true}]}}